{"id":57,"date":"2021-01-18T17:36:10","date_gmt":"2021-01-18T17:36:10","guid":{"rendered":"https:\/\/p-medesthetique.be\/?page_id=57"},"modified":"2021-02-04T20:47:55","modified_gmt":"2021-02-04T20:47:55","slug":"hifu","status":"publish","type":"page","link":"https:\/\/www.pause-mediesthetique.be\/?page_id=57","title":{"rendered":"HIFU"},"content":{"rendered":"","protected":false},"excerpt":{"rendered":"","protected":false},"author":1,"featured_media":0,"parent":0,"menu_order":0,"comment_status":"closed","ping_status":"closed","template":"","meta":[],"yoast_head":"<!-- This site is optimized with the Yoast SEO plugin v15.7 - https:\/\/yoast.com\/wordpress\/plugins\/seo\/ -->\n<title>HIFU -<\/title>\n<meta name=\"description\" content=\"institut - soins - lifting non chirurgicaux - anti-\u00e2ge - anti-ride - rajeunissement - rides - minceur - cryolipolise - laser \u00e9pilation definitve - hifu - microneedling - hydrodermabrasion - peeling - led - lifting colombien vaccum - cavitation - esth\u00e9tique - lisser - cellulite - capitons - vergetures - collag\u00e8ne - \u00e9lasticit\u00e9 - \u00e9clat - photomodulation - ultrasons - traitement\" \/>\n<meta name=\"robots\" content=\"index, follow, max-snippet:-1, max-image-preview:large, max-video-preview:-1\" \/>\n<link rel=\"canonical\" href=\"https:\/\/www.pause-mediesthetique.be\/?page_id=57\" \/>\n<meta property=\"og:locale\" content=\"fr_FR\" \/>\n<meta property=\"og:type\" content=\"article\" \/>\n<meta property=\"og:title\" content=\"HIFU -\" \/>\n<meta property=\"og:description\" content=\"institut - soins - lifting non chirurgicaux - anti-\u00e2ge - anti-ride - rajeunissement - rides - minceur - cryolipolise - laser \u00e9pilation definitve - hifu - microneedling - hydrodermabrasion - peeling - led - lifting colombien vaccum - cavitation - esth\u00e9tique - lisser - cellulite - capitons - vergetures - collag\u00e8ne - \u00e9lasticit\u00e9 - \u00e9clat - photomodulation - ultrasons - traitement\" \/>\n<meta property=\"og:url\" content=\"https:\/\/www.pause-mediesthetique.be\/?page_id=57\" \/>\n<meta property=\"article:modified_time\" content=\"2021-02-04T20:47:55+00:00\" \/>\n<meta name=\"twitter:card\" content=\"summary_large_image\" \/>\n<script type=\"application\/ld+json\" class=\"yoast-schema-graph\">{\"@context\":\"https:\/\/schema.org\",\"@graph\":[{\"@type\":\"WebSite\",\"@id\":\"https:\/\/www.pause-mediesthetique.be\/#website\",\"url\":\"https:\/\/www.pause-mediesthetique.be\/\",\"name\":\"\",\"description\":\"\",\"potentialAction\":[{\"@type\":\"SearchAction\",\"target\":\"https:\/\/www.pause-mediesthetique.be\/?s={search_term_string}\",\"query-input\":\"required name=search_term_string\"}],\"inLanguage\":\"fr-FR\"},{\"@type\":\"WebPage\",\"@id\":\"https:\/\/www.pause-mediesthetique.be\/?page_id=57#webpage\",\"url\":\"https:\/\/www.pause-mediesthetique.be\/?page_id=57\",\"name\":\"HIFU -\",\"isPartOf\":{\"@id\":\"https:\/\/www.pause-mediesthetique.be\/#website\"},\"datePublished\":\"2021-01-18T17:36:10+00:00\",\"dateModified\":\"2021-02-04T20:47:55+00:00\",\"description\":\"institut - soins - lifting non chirurgicaux - anti-\\u00e2ge - anti-ride - rajeunissement - rides - minceur - cryolipolise - laser \\u00e9pilation definitve - hifu - microneedling - hydrodermabrasion - peeling - led - lifting colombien vaccum - cavitation - esth\\u00e9tique - lisser - cellulite - capitons - vergetures - collag\\u00e8ne - \\u00e9lasticit\\u00e9 - \\u00e9clat - photomodulation - ultrasons - traitement\",\"inLanguage\":\"fr-FR\",\"potentialAction\":[{\"@type\":\"ReadAction\",\"target\":[\"https:\/\/www.pause-mediesthetique.be\/?page_id=57\"]}]}]}<\/script>\n<!-- \/ Yoast SEO plugin. -->","_links":{"self":[{"href":"https:\/\/www.pause-mediesthetique.be\/index.php?rest_route=\/wp\/v2\/pages\/57"}],"collection":[{"href":"https:\/\/www.pause-mediesthetique.be\/index.php?rest_route=\/wp\/v2\/pages"}],"about":[{"href":"https:\/\/www.pause-mediesthetique.be\/index.php?rest_route=\/wp\/v2\/types\/page"}],"author":[{"embeddable":true,"href":"https:\/\/www.pause-mediesthetique.be\/index.php?rest_route=\/wp\/v2\/users\/1"}],"replies":[{"embeddable":true,"href":"https:\/\/www.pause-mediesthetique.be\/index.php?rest_route=%2Fwp%2Fv2%2Fcomments&post=57"}],"version-history":[{"count":1,"href":"https:\/\/www.pause-mediesthetique.be\/index.php?rest_route=\/wp\/v2\/pages\/57\/revisions"}],"predecessor-version":[{"id":58,"href":"https:\/\/www.pause-mediesthetique.be\/index.php?rest_route=\/wp\/v2\/pages\/57\/revisions\/58"}],"wp:attachment":[{"href":"https:\/\/www.pause-mediesthetique.be\/index.php?rest_route=%2Fwp%2Fv2%2Fmedia&parent=57"}],"curies":[{"name":"wp","href":"https:\/\/api.w.org\/{rel}","templated":true}]}}